{"id":6263,"date":"2024-11-26T14:23:09","date_gmt":"2024-11-26T13:23:09","guid":{"rendered":"https:\/\/earniverse.io\/videos\/"},"modified":"2024-11-26T16:26:53","modified_gmt":"2024-11-26T15:26:53","slug":"videos","status":"publish","type":"page","link":"https:\/\/earniverse.io\/de\/videos\/","title":{"rendered":"Videos"},"content":{"rendered":"\t\t<div data-elementor-type=\"wp-page\" data-elementor-id=\"6263\" class=\"elementor elementor-6263 elementor-6254\">\n\t\t\t\t\t\t<section class=\"elementor-section elementor-top-section elementor-element elementor-element-90e60bd elementor-section-boxed elementor-section-height-default elementor-section-height-default elementor-invisible\" data-id=\"90e60bd\" data-element_type=\"section\" data-settings=\"{&quot;background_background&quot;:&quot;classic&quot;,&quot;animation&quot;:&quot;fadeInRight&quot;}\">\n\t\t\t\t\t\t<div class=\"elementor-container elementor-column-gap-default\">\n\t\t\t\t\t<div class=\"elementor-column elementor-col-100 elementor-top-column elementor-element elementor-element-9ae09db\" data-id=\"9ae09db\" data-element_type=\"column\">\n\t\t\t<div class=\"elementor-widget-wrap elementor-element-populated\">\n\t\t\t\t\t\t<div class=\"elementor-element elementor-element-6b969cc elementor-widget elementor-widget-shortcode\" data-id=\"6b969cc\" data-element_type=\"widget\" data-widget_type=\"shortcode.default\">\n\t\t\t\t<div class=\"elementor-widget-container\">\n\t\t\t\t\t<div class=\"elementor-shortcode\">\n\n<div id=\"sb_youtube_sbyUCujpbulAn2on16GwhSrM0g15\" \n\t class=\"sb_youtube sby_layout_gallery sby_col_3 sby_mob_col_1 sby_palette_light  sby_width_resp\" \n\tdata-feedid=\"sby_UCujpbulAn2on16GwhSrM_0g#15\" \n\tdata-shortcode-atts=\"{&quot;feed&quot;:&quot;1&quot;}\" \n\tdata-cols=\"3\" \n\tdata-colsmobile=\"1\" \n\tdata-num=\"15\" \n\tdata-nummobile=\"15\" \n\tdata-channel-subscribers=\"2.4K subscribers\"\tdata-subscribe-btn=\"1\" \n\tdata-subscribe-btn-text=\"Subscribe\" \n\tdata_channel_header_colors =\"{&quot;channelName&quot;:&quot;&quot;,&quot;subscribeCount&quot;:&quot;&quot;,&quot;buttonBackground&quot;:&quot;&quot;,&quot;buttonText&quot;:&quot;&quot;}\"\n\t data-sby-flags=\"resizeDisable,gdpr\" data-postid=\"6263\" \n\t data-videocardlayout=\"vertical\" \n>\n\t        <div class=\"sby_items_wrap\" style=\"padding: 5px;\">\n\t\t    <\/div>\n    \n\t\n    \n\t\t\t\t<div id=\"sby_mod_error\">\r\n\t\t\t\t<span>Diese Fehlermeldung ist nur f\u00fcr WordPress-Administratoren sichtbar<\/span><br \/>\r\n\t\t\t\t\t\t\t\t\t<p><b>Es k\u00f6nnen keine Videos von diesem Kanal gesammelt werden. Bitte stelle sicher, dass dies eine g\u00fcltige Kanal-ID ist.<\/b><\/p><p><b>Fehler: Keine Videos gefunden.<\/b><p>Vergewissere dich, dass es sich um eine g\u00fcltige Kanal-ID handelt und dass der Kanal Videos auf youtube.com verf\u00fcgbar h\u00e4lt.<\/p>\t\t\t\t\t\t\t<\/div>\r\n\t\t\t\n<\/div>\n\n<style type=\"text\/css\">#sb_youtube_sbyUCujpbulAn2on16GwhSrM0g15 .sby_load_btn:hover { background: #FFFFFF !important}#sb_youtube_sbyUCujpbulAn2on16GwhSrM0g15 .sby_caption_wrap .sby_caption { font-size: 13px !important}#sb_youtube_sbyUCujpbulAn2on16GwhSrM0g15 .sby_follow_btn a:hover { box-shadow:inset 0 0 10px 20px rgb(255, 255, 255, .25) !important}#sb_youtube_sbyUCujpbulAn2on16GwhSrM0g15[data-videostyle=boxed] .sby_items_wrap .sby_item .sby_inner_item { background-color: #ffffff !important}<\/style><\/div>\n\t\t\t\t<\/div>\n\t\t\t\t<\/div>\n\t\t\t\t\t<\/div>\n\t\t<\/div>\n\t\t\t\t\t<\/div>\n\t\t<\/section>\n\t\t\t\t<\/div>\n\t\t","protected":false},"excerpt":{"rendered":"","protected":false},"author":1,"featured_media":0,"parent":0,"menu_order":0,"comment_status":"closed","ping_status":"closed","template":"elementor_header_footer","meta":{"pgc_sgb_lightbox_settings":"","footnotes":""},"class_list":["post-6263","page","type-page","status-publish","hentry"],"aioseo_notices":[],"_links":{"self":[{"href":"https:\/\/earniverse.io\/de\/wp-json\/wp\/v2\/pages\/6263"}],"collection":[{"href":"https:\/\/earniverse.io\/de\/wp-json\/wp\/v2\/pages"}],"about":[{"href":"https:\/\/earniverse.io\/de\/wp-json\/wp\/v2\/types\/page"}],"author":[{"embeddable":true,"href":"https:\/\/earniverse.io\/de\/wp-json\/wp\/v2\/users\/1"}],"replies":[{"embeddable":true,"href":"https:\/\/earniverse.io\/de\/wp-json\/wp\/v2\/comments?post=6263"}],"version-history":[{"count":3,"href":"https:\/\/earniverse.io\/de\/wp-json\/wp\/v2\/pages\/6263\/revisions"}],"predecessor-version":[{"id":6277,"href":"https:\/\/earniverse.io\/de\/wp-json\/wp\/v2\/pages\/6263\/revisions\/6277"}],"wp:attachment":[{"href":"https:\/\/earniverse.io\/de\/wp-json\/wp\/v2\/media?parent=6263"}],"curies":[{"name":"wp","href":"https:\/\/api.w.org\/{rel}","templated":true}]}}