{"id":5257,"date":"2018-08-30T11:04:52","date_gmt":"2018-08-30T09:04:52","guid":{"rendered":"https:\/\/earniverse.io\/services\/"},"modified":"2024-09-30T18:35:17","modified_gmt":"2024-09-30T16:35:17","slug":"services","status":"publish","type":"page","link":"https:\/\/earniverse.io\/es\/services\/","title":{"rendered":"Services"},"content":{"rendered":"\t\t<div data-elementor-type=\"wp-page\" data-elementor-id=\"5257\" class=\"elementor elementor-5257 elementor-858\">\n\t\t\t\t\t\t<section class=\"elementor-section elementor-top-section elementor-element elementor-element-ce0cb5c elementor-section-boxed elementor-section-height-default elementor-section-height-default elementor-invisible\" data-id=\"ce0cb5c\" data-element_type=\"section\" data-settings=\"{&quot;background_background&quot;:&quot;classic&quot;,&quot;animation&quot;:&quot;fadeInRight&quot;}\">\n\t\t\t\t\t\t<div class=\"elementor-container elementor-column-gap-default\">\n\t\t\t\t\t<div class=\"elementor-column elementor-col-100 elementor-top-column elementor-element elementor-element-a906918\" data-id=\"a906918\" data-element_type=\"column\">\n\t\t\t<div class=\"elementor-widget-wrap elementor-element-populated\">\n\t\t\t\t\t\t<div class=\"elementor-element elementor-element-b7d567a elementor-widget elementor-widget-services-post\" data-id=\"b7d567a\" data-element_type=\"widget\" data-widget_type=\"services-post.default\">\n\t\t\t\t<div class=\"elementor-widget-container\">\n\t\t\t            <div class=\"services-area\">\r\n                <div class=\"row\">\r\n                                        <!-- Single Item --> \r\n                    <div class=\"col-lg-4 col-sm-6\">                    <div class=\"service-single\">\r\n                        \r\n                                                <div class=\"servce-icon\">\r\n                                                            <i class=\"icofont icofont-calendar\"><\/i>\r\n                                                 <\/div>\r\n                     \r\n                        <div class=\"service-details\">\r\n                            <h4>\r\n                                                           Eventos virtuales                        \r\n                            <\/h4>\r\n                            <p>Configuraci\u00f3n y gesti\u00f3n de conferencias interactivas, lanzamientos de productos o ferias dentro del metaverso.<\/p>                        <\/div>\r\n                    <\/div>\r\n                    <!-- Single Item -->\r\n\r\n                    <\/div>                                     <!-- Single Item --> \r\n                    <div class=\"col-lg-4 col-sm-6\">                    <div class=\"service-single\">\r\n                        \r\n                                                <div class=\"servce-icon\">\r\n                                                            <i class=\"icofont icofont-shopping-cart\"><\/i>\r\n                                                 <\/div>\r\n                     \r\n                        <div class=\"service-details\">\r\n                            <h4>\r\n                                                           Tienda virtual                        \r\n                            <\/h4>\r\n                            <p>Dise\u00f1o y desarrollo de espacios de venta inmersivos 3D\/VR para e-commerce e interacci\u00f3n con la marca.<\/p>                        <\/div>\r\n                    <\/div>\r\n                    <!-- Single Item -->\r\n\r\n                    <\/div>                                     <!-- Single Item --> \r\n                    <div class=\"col-lg-4 col-sm-6\">                    <div class=\"service-single\">\r\n                        \r\n                                                <div class=\"servce-icon\">\r\n                                                            <i class=\"icofont icofont-monkey-3\"><\/i>\r\n                                                 <\/div>\r\n                     \r\n                        <div class=\"service-details\">\r\n                            <h4>\r\n                                                           Creaci\u00f3n de activos 3D                        \r\n                            <\/h4>\r\n                            <p>Desarrollo de activos digitales \u00fanicos y de alta calidad, como productos virtuales, avatares y NFTs.<\/p>                        <\/div>\r\n                    <\/div>\r\n                    <!-- Single Item -->\r\n\r\n                    <\/div>                                     <!-- Single Item --> \r\n                    <div class=\"col-lg-4 col-sm-6\">                    <div class=\"service-single\">\r\n                        \r\n                                                <div class=\"servce-icon\">\r\n                                                            <i class=\"icofont icofont-diving-goggle\"><\/i>\r\n                                                 <\/div>\r\n                     \r\n                        <div class=\"service-details\">\r\n                            <h4>\r\n                                                           Branding digital                        \r\n                            <\/h4>\r\n                            <p>Experiencias inmersivas a medida dise\u00f1adas para mejorar la visibilidad de la marca y la interacci\u00f3n con los clientes en el mundo virtual.<\/p>                        <\/div>\r\n                    <\/div>\r\n                    <!-- Single Item -->\r\n\r\n                    <\/div>                                     <!-- Single Item --> \r\n                    <div class=\"col-lg-4 col-sm-6\">                    <div class=\"service-single\">\r\n                        \r\n                                                <div class=\"servce-icon\">\r\n                                                            <i class=\"icofont icofont-education\"><\/i>\r\n                                                 <\/div>\r\n                     \r\n                        <div class=\"service-details\">\r\n                            <h4>\r\n                                                           Formaci\u00f3n y educaci\u00f3n                        \r\n                            <\/h4>\r\n                            <p>Creaci\u00f3n de entornos de aprendizaje virtuales para la formaci\u00f3n de empleados, la educaci\u00f3n de clientes o el desarrollo de habilidades.<\/p>                        <\/div>\r\n                    <\/div>\r\n                    <!-- Single Item -->\r\n\r\n                    <\/div>                                     <!-- Single Item --> \r\n                    <div class=\"col-lg-4 col-sm-6\">                    <div class=\"service-single\">\r\n                        \r\n                                                <div class=\"servce-icon\">\r\n                                                            <i class=\"icofont icofont-ui-office\"><\/i>\r\n                                                 <\/div>\r\n                     \r\n                        <div class=\"service-details\">\r\n                            <h4>\r\n                                                           Oficinas virtuales                        \r\n                            <\/h4>\r\n                            <p>Construye oficinas virtuales interactivas y personalizadas para mejorar la colaboraci\u00f3n global con clientes en el metaverso.<\/p>                        <\/div>\r\n                    <\/div>\r\n                    <!-- Single Item -->\r\n\r\n                    <\/div>                                     <!-- Single Item --> \r\n                    <div class=\"col-lg-4 col-sm-6\">                    <div class=\"service-single\">\r\n                        \r\n                                                <div class=\"servce-icon\">\r\n                                                            <i class=\"icofont icofont-database\"><\/i>\r\n                                                 <\/div>\r\n                     \r\n                        <div class=\"service-details\">\r\n                            <h4>\r\n                                                           Integraci\u00f3n Blockchain y NFT                        \r\n                            <\/h4>\r\n                            <p>Integraci\u00f3n de la tecnolog\u00eda blockchain para el comercio de activos digitales a trav\u00e9s de un mercado propio, multiplataforma y multichain.<\/p>                        <\/div>\r\n                    <\/div>\r\n                    <!-- Single Item -->\r\n\r\n                    <\/div>                                     <!-- Single Item --> \r\n                    <div class=\"col-lg-4 col-sm-6\">                    <div class=\"service-single\">\r\n                        \r\n                                                <div class=\"servce-icon\">\r\n                                                            <i class=\"icofont icofont-cube\"><\/i>\r\n                                                 <\/div>\r\n                     \r\n                        <div class=\"service-details\">\r\n                            <h4>\r\n                                                           Publicidad interactiva 2D\/3D                        \r\n                            <\/h4>\r\n                            <p>Servicios publicitarios in-world con anuncios 3D interactivos y vallas publicitarias para dirigirlos a audiencias espec\u00edficas del metaverso.<\/p>                        <\/div>\r\n                    <\/div>\r\n                    <!-- Single Item -->\r\n\r\n                    <\/div>                                     <!-- Single Item --> \r\n                    <div class=\"col-lg-4 col-sm-6\">                    <div class=\"service-single\">\r\n                        \r\n                                                <div class=\"servce-icon\">\r\n                                                            <i class=\"icofont icofont-eye-open\"><\/i>\r\n                                                 <\/div>\r\n                     \r\n                        <div class=\"service-details\">\r\n                            <h4>\r\n                                                           an\u00e1lisis de datos y comportamientos                        \r\n                            <\/h4>\r\n                            <p>An\u00e1lisis para rastrear la interacci\u00f3n de los usuarios, comportamientos y m\u00e9tricas de ventas dentro de entornos virtuales.<\/p>                        <\/div>\r\n                    <\/div>\r\n                    <!-- Single Item -->\r\n\r\n                    <\/div>                                 <\/div>\r\n            <\/div>\r\n            \t\t<\/div>\n\t\t\t\t<\/div>\n\t\t\t\t\t<\/div>\n\t\t<\/div>\n\t\t\t\t\t<\/div>\n\t\t<\/section>\n\t\t\t\t<\/div>\n\t\t","protected":false},"excerpt":{"rendered":"<p>Eventos virtuales Configuraci\u00f3n y gesti\u00f3n de conferencias interactivas, lanzamientos de productos o ferias dentro del metaverso. Tienda virtual Dise\u00f1o y desarrollo de espacios de venta inmersivos 3D\/VR para e-commerce e interacci\u00f3n con la marca. Creaci\u00f3n de activos 3D Desarrollo de activos digitales \u00fanicos y de alta calidad, como productos virtuales, avatares y NFTs. Branding digital [&hellip;]<\/p>\n","protected":false},"author":1,"featured_media":0,"parent":0,"menu_order":0,"comment_status":"closed","ping_status":"closed","template":"page-full-width.php","meta":{"pgc_sgb_lightbox_settings":"","footnotes":""},"class_list":["post-5257","page","type-page","status-publish","hentry"],"aioseo_notices":[],"_links":{"self":[{"href":"https:\/\/earniverse.io\/es\/wp-json\/wp\/v2\/pages\/5257"}],"collection":[{"href":"https:\/\/earniverse.io\/es\/wp-json\/wp\/v2\/pages"}],"about":[{"href":"https:\/\/earniverse.io\/es\/wp-json\/wp\/v2\/types\/page"}],"author":[{"embeddable":true,"href":"https:\/\/earniverse.io\/es\/wp-json\/wp\/v2\/users\/1"}],"replies":[{"embeddable":true,"href":"https:\/\/earniverse.io\/es\/wp-json\/wp\/v2\/comments?post=5257"}],"version-history":[{"count":4,"href":"https:\/\/earniverse.io\/es\/wp-json\/wp\/v2\/pages\/5257\/revisions"}],"predecessor-version":[{"id":5443,"href":"https:\/\/earniverse.io\/es\/wp-json\/wp\/v2\/pages\/5257\/revisions\/5443"}],"wp:attachment":[{"href":"https:\/\/earniverse.io\/es\/wp-json\/wp\/v2\/media?parent=5257"}],"curies":[{"name":"wp","href":"https:\/\/api.w.org\/{rel}","templated":true}]}}