{"id":5080,"date":"2018-08-30T11:04:52","date_gmt":"2018-08-30T09:04:52","guid":{"rendered":"https:\/\/earniverse.io\/services\/"},"modified":"2024-09-30T22:20:02","modified_gmt":"2024-09-30T20:20:02","slug":"services","status":"publish","type":"page","link":"https:\/\/earniverse.io\/fr\/services\/","title":{"rendered":"Services"},"content":{"rendered":"\t\t<div data-elementor-type=\"wp-page\" data-elementor-id=\"5080\" class=\"elementor elementor-5080 elementor-858\">\n\t\t\t\t\t\t<section class=\"elementor-section elementor-top-section elementor-element elementor-element-277cbd0 elementor-section-boxed elementor-section-height-default elementor-section-height-default elementor-invisible\" data-id=\"277cbd0\" data-element_type=\"section\" data-settings=\"{&quot;background_background&quot;:&quot;classic&quot;,&quot;animation&quot;:&quot;fadeInRight&quot;}\">\n\t\t\t\t\t\t<div class=\"elementor-container elementor-column-gap-default\">\n\t\t\t\t\t<div class=\"elementor-column elementor-col-100 elementor-top-column elementor-element elementor-element-8e65744\" data-id=\"8e65744\" data-element_type=\"column\">\n\t\t\t<div class=\"elementor-widget-wrap elementor-element-populated\">\n\t\t\t\t\t\t<div class=\"elementor-element elementor-element-4306cbd elementor-widget elementor-widget-services-post\" data-id=\"4306cbd\" data-element_type=\"widget\" data-widget_type=\"services-post.default\">\n\t\t\t\t<div class=\"elementor-widget-container\">\n\t\t\t            <div class=\"services-area\">\r\n                <div class=\"row\">\r\n                                        <!-- Single Item --> \r\n                    <div class=\"col-lg-4 col-sm-6\">                    <div class=\"service-single\">\r\n                        \r\n                                                <div class=\"servce-icon\">\r\n                                                            <i class=\"icofont icofont-calendar\"><\/i>\r\n                                                 <\/div>\r\n                     \r\n                        <div class=\"service-details\">\r\n                            <h4>\r\n                                                           \u00c9v\u00e9nements virtuels                        \r\n                            <\/h4>\r\n                            <p>Mise en place et gestion de conf\u00e9rences interactives, lancements de produits ou salons professionnels dans le m\u00e9tavers.<\/p>                        <\/div>\r\n                    <\/div>\r\n                    <!-- Single Item -->\r\n\r\n                    <\/div>                                     <!-- Single Item --> \r\n                    <div class=\"col-lg-4 col-sm-6\">                    <div class=\"service-single\">\r\n                        \r\n                                                <div class=\"servce-icon\">\r\n                                                            <i class=\"icofont icofont-shopping-cart\"><\/i>\r\n                                                 <\/div>\r\n                     \r\n                        <div class=\"service-details\">\r\n                            <h4>\r\n                                                           Boutiques virtuelles                        \r\n                            <\/h4>\r\n                            <p>Cr\u00e9ation d'espaces de vente en ligne immersifs 3D\/VR pour le commerce \u00e9lectronique et l'engagement de marque.<\/p>                        <\/div>\r\n                    <\/div>\r\n                    <!-- Single Item -->\r\n\r\n                    <\/div>                                     <!-- Single Item --> \r\n                    <div class=\"col-lg-4 col-sm-6\">                    <div class=\"service-single\">\r\n                        \r\n                                                <div class=\"servce-icon\">\r\n                                                            <i class=\"icofont icofont-monkey-3\"><\/i>\r\n                                                 <\/div>\r\n                     \r\n                        <div class=\"service-details\">\r\n                            <h4>\r\n                                                           Cr\u00e9ation d&#8217;actifs 3D                        \r\n                            <\/h4>\r\n                            <p>D\u00e9veloppement d'actifs num\u00e9riques uniques et de haute qualit\u00e9 tels que des produits virtuels, des avatars et des NFTs.<\/p>                        <\/div>\r\n                    <\/div>\r\n                    <!-- Single Item -->\r\n\r\n                    <\/div>                                     <!-- Single Item --> \r\n                    <div class=\"col-lg-4 col-sm-6\">                    <div class=\"service-single\">\r\n                        \r\n                                                <div class=\"servce-icon\">\r\n                                                            <i class=\"icofont icofont-diving-goggle\"><\/i>\r\n                                                 <\/div>\r\n                     \r\n                        <div class=\"service-details\">\r\n                            <h4>\r\n                                                           Branding Num\u00e9rique                        \r\n                            <\/h4>\r\n                            <p>Exp\u00e9riences immersives sur mesure con\u00e7ues pour am\u00e9liorer la visibilit\u00e9 de la marque et l'interaction avec les clients dans le monde virtuel.<\/p>                        <\/div>\r\n                    <\/div>\r\n                    <!-- Single Item -->\r\n\r\n                    <\/div>                                     <!-- Single Item --> \r\n                    <div class=\"col-lg-4 col-sm-6\">                    <div class=\"service-single\">\r\n                        \r\n                                                <div class=\"servce-icon\">\r\n                                                            <i class=\"icofont icofont-education\"><\/i>\r\n                                                 <\/div>\r\n                     \r\n                        <div class=\"service-details\">\r\n                            <h4>\r\n                                                           Formation &#038; \u00c9ducation                        \r\n                            <\/h4>\r\n                            <p>Cr\u00e9ation d\u2019environnements \u00e9ducatifs virtuels pour la formation des employ\u00e9s, l'apprentissage des \u00e9tudiants ou le d\u00e9veloppement des comp\u00e9tences.<\/p>                        <\/div>\r\n                    <\/div>\r\n                    <!-- Single Item -->\r\n\r\n                    <\/div>                                     <!-- Single Item --> \r\n                    <div class=\"col-lg-4 col-sm-6\">                    <div class=\"service-single\">\r\n                        \r\n                                                <div class=\"servce-icon\">\r\n                                                            <i class=\"icofont icofont-ui-office\"><\/i>\r\n                                                 <\/div>\r\n                     \r\n                        <div class=\"service-details\">\r\n                            <h4>\r\n                                                           Bureaux virtuels                        \r\n                            <\/h4>\r\n                            <p>Construisez des environnements de bureau virtuels interactifs et personnalis\u00e9s pour am\u00e9liorer la collaboration mondiale et les r\u00e9unions avec les clients dans le m\u00e9tavers.<\/p>                        <\/div>\r\n                    <\/div>\r\n                    <!-- Single Item -->\r\n\r\n                    <\/div>                                     <!-- Single Item --> \r\n                    <div class=\"col-lg-4 col-sm-6\">                    <div class=\"service-single\">\r\n                        \r\n                                                <div class=\"servce-icon\">\r\n                                                            <i class=\"icofont icofont-database\"><\/i>\r\n                                                 <\/div>\r\n                     \r\n                        <div class=\"service-details\">\r\n                            <h4>\r\n                                                           Int\u00e9gration Blockchain &#038; NFT                        \r\n                            <\/h4>\r\n                            <p>Int\u00e9gration de la technologie blockchain pour le commerce d'actifs num\u00e9riques et de collection NFTs via marketplace propri\u00e9taire en marque blanche, multiplateforme &amp; multichain.<\/p>                        <\/div>\r\n                    <\/div>\r\n                    <!-- Single Item -->\r\n\r\n                    <\/div>                                     <!-- Single Item --> \r\n                    <div class=\"col-lg-4 col-sm-6\">                    <div class=\"service-single\">\r\n                        \r\n                                                <div class=\"servce-icon\">\r\n                                                            <i class=\"icofont icofont-cube\"><\/i>\r\n                                                 <\/div>\r\n                     \r\n                        <div class=\"service-details\">\r\n                            <h4>\r\n                                                           Publicit\u00e9 Int\u00e9ractive 2D \/ 3D                        \r\n                            <\/h4>\r\n                            <p>Services publicitaires in-world avec des publicit\u00e9s interactives 3D et des panneaux d'affichage pour cibler des audiences sp\u00e9cifiques dans le m\u00e9tavers.<\/p>                        <\/div>\r\n                    <\/div>\r\n                    <!-- Single Item -->\r\n\r\n                    <\/div>                                     <!-- Single Item --> \r\n                    <div class=\"col-lg-4 col-sm-6\">                    <div class=\"service-single\">\r\n                        \r\n                                                <div class=\"servce-icon\">\r\n                                                            <i class=\"icofont icofont-eye-open\"><\/i>\r\n                                                 <\/div>\r\n                     \r\n                        <div class=\"service-details\">\r\n                            <h4>\r\n                                                           Donn\u00e9es &#038; Insights utilisateurs                        \r\n                            <\/h4>\r\n                            <p>Fourniture d'outils d'analyse pour suivre l'engagement des utilisateurs, les comportements et les m\u00e9triques de vente dans les environnements virtuels.<\/p>                        <\/div>\r\n                    <\/div>\r\n                    <!-- Single Item -->\r\n\r\n                    <\/div>                                 <\/div>\r\n            <\/div>\r\n            \t\t<\/div>\n\t\t\t\t<\/div>\n\t\t\t\t\t<\/div>\n\t\t<\/div>\n\t\t\t\t\t<\/div>\n\t\t<\/section>\n\t\t\t\t<\/div>\n\t\t","protected":false},"excerpt":{"rendered":"<p>H\u00e9bergement d\u2019\u00e9v\u00e9nements virtuels Mise en place et gestion de conf\u00e9rences interactives, lancements de produits ou salons professionnels dans le m\u00e9tavers. Boutiques virtuelles Conception et d\u00e9veloppement d&#8217;espaces de vente en ligne immersifs 3D\/VR pour le commerce \u00e9lectronique et l&#8217;engagement de marque. Cr\u00e9ation d\u2019actifs 3D D\u00e9veloppement d&#8217;actifs num\u00e9riques uniques et de haute qualit\u00e9 tels que des produits [&hellip;]<\/p>\n","protected":false},"author":1,"featured_media":0,"parent":0,"menu_order":0,"comment_status":"closed","ping_status":"closed","template":"page-full-width.php","meta":{"pgc_sgb_lightbox_settings":"","footnotes":""},"class_list":["post-5080","page","type-page","status-publish","hentry"],"aioseo_notices":[],"_links":{"self":[{"href":"https:\/\/earniverse.io\/fr\/wp-json\/wp\/v2\/pages\/5080"}],"collection":[{"href":"https:\/\/earniverse.io\/fr\/wp-json\/wp\/v2\/pages"}],"about":[{"href":"https:\/\/earniverse.io\/fr\/wp-json\/wp\/v2\/types\/page"}],"author":[{"embeddable":true,"href":"https:\/\/earniverse.io\/fr\/wp-json\/wp\/v2\/users\/1"}],"replies":[{"embeddable":true,"href":"https:\/\/earniverse.io\/fr\/wp-json\/wp\/v2\/comments?post=5080"}],"version-history":[{"count":7,"href":"https:\/\/earniverse.io\/fr\/wp-json\/wp\/v2\/pages\/5080\/revisions"}],"predecessor-version":[{"id":5255,"href":"https:\/\/earniverse.io\/fr\/wp-json\/wp\/v2\/pages\/5080\/revisions\/5255"}],"wp:attachment":[{"href":"https:\/\/earniverse.io\/fr\/wp-json\/wp\/v2\/media?parent=5080"}],"curies":[{"name":"wp","href":"https:\/\/api.w.org\/{rel}","templated":true}]}}