{"id":6153,"date":"2024-09-09T10:41:14","date_gmt":"2024-09-09T10:41:14","guid":{"rendered":"https:\/\/earniverse.io\/privacy-policy-2\/"},"modified":"2024-11-30T05:53:18","modified_gmt":"2024-11-30T04:53:18","slug":"politique-de-confidentialite","status":"publish","type":"page","link":"https:\/\/earniverse.io\/fr\/politique-de-confidentialite\/","title":{"rendered":"Politique de Confidentialit\u00e9"},"content":{"rendered":"\t\t<div data-elementor-type=\"wp-page\" data-elementor-id=\"6153\" class=\"elementor elementor-6153 elementor-3\">\n\t\t\t\t<div class=\"elementor-element elementor-element-5e5f1e1b e-flex e-con-boxed e-con e-parent\" data-id=\"5e5f1e1b\" data-element_type=\"container\">\n\t\t\t\t\t<div class=\"e-con-inner\">\n\t\t\t\t<div class=\"elementor-element elementor-element-420aac9d elementor-widget elementor-widget-text-editor\" data-id=\"420aac9d\" data-element_type=\"widget\" data-widget_type=\"text-editor.default\">\n\t\t\t\t<div class=\"elementor-widget-container\">\n\t\t\t\t\t\t\t<h1>Politique de Confidentialit\u00e9<\/h1><p>Earniverse (\u00ab EIV \u00bb, \u00ab nous \u00bb, \u00ab notre \u00bb ou \u00ab nos \u00bb) s&#8217;engage \u00e0 prot\u00e9ger votre vie priv\u00e9e. Nous avons pr\u00e9par\u00e9 cette politique de confidentialit\u00e9 pour vous d\u00e9crire nos pratiques concernant les Donn\u00e9es personnelles (telles que d\u00e9finies ci-dessous) que nous collectons, utilisons et partageons en lien avec les sites Web Earniverse (site Web de l&#8217;entreprise, site de support, site de documentation, site d&#8217;actualit\u00e9s et autres), l&#8217;application de la place de march\u00e9, et d&#8217;autres logiciels fournis dans le cadre de nos services, comme d\u00e9crit dans nos Conditions d&#8217;utilisation (collectivement, le \u00ab Service \u00bb). \u00ab NFT \u00bb dans cette Politique de confidentialit\u00e9 d\u00e9signe un jeton non fongible ou un objet num\u00e9rique similaire mis en \u0153uvre sur une blockchain (telle que la blockchain Avalanche), utilisant des contrats intelligents pour se lier ou \u00eatre associ\u00e9 \u00e0 un certain contenu ou donn\u00e9es.<\/p><h2><b>I- Types de donn\u00e9es que nous collectons<\/b><\/h2><p>\u00ab Donn\u00e9es personnelles \u00bb d\u00e9signe des donn\u00e9es permettant de vous identifier individuellement, y compris, par exemple, votre nom, votre adresse e-mail, ainsi que toute autre information non publique vous concernant qui est associ\u00e9e ou li\u00e9e \u00e0 l&#8217;une des informations mentionn\u00e9es ci-dessus. \u00ab Donn\u00e9es anonymes \u00bb d\u00e9signe des donn\u00e9es, y compris des donn\u00e9es agr\u00e9g\u00e9es et d\u00e9personnalis\u00e9es, qui ne sont pas associ\u00e9es ou li\u00e9es \u00e0 vos Donn\u00e9es personnelles ; les Donn\u00e9es anonymes ne permettent pas, en elles-m\u00eames, d&#8217;identifier des personnes physiques. Nous collectons des Donn\u00e9es personnelles et des Donn\u00e9es anonymes comme d\u00e9crit ci-dessous.<\/p><ol><li aria-level=\"2\">Informations fournies par les utilisateurs.<ol><li aria-level=\"3\">Lorsque vous utilisez notre Service, mettez \u00e0 jour votre profil de compte ou nous contactez, nous pouvons collecter des Donn\u00e9es personnelles vous concernant, telles que votre adresse e-mail, vos pr\u00e9nom et nom, votre nom d&#8217;utilisateur et d&#8217;autres informations que vous fournissez. Nous collectons \u00e9galement votre adresse blockchain et les informations li\u00e9es \u00e0 votre portefeuille, qui peuvent \u00eatre associ\u00e9es \u00e0 vos Donn\u00e9es personnelles lorsque vous utilisez notre Service.<\/li><li aria-level=\"3\">Notre Service vous permet de stocker des pr\u00e9f\u00e9rences telles que la fa\u00e7on dont votre contenu est affich\u00e9, les param\u00e8tres de notification et les favoris. Nous pouvons associer ces choix \u00e0 votre ID, navigateur ou appareil mobile.<\/li><li aria-level=\"3\">Si vous nous faites part de commentaires ou nous contactez, nous recueillerons votre nom et vos coordonn\u00e9es, ainsi que tout autre contenu inclus dans le message.<\/li><li aria-level=\"3\">Nous pouvons \u00e9galement collecter des Donn\u00e9es personnelles \u00e0 d&#8217;autres moments dans notre Service lorsque vous les fournissez volontairement ou lorsque nous indiquons que des Donn\u00e9es personnelles sont collect\u00e9es.<\/li><\/ol><\/li><li aria-level=\"2\">Informations collect\u00e9es via la technologie. En naviguant et interagissant avec notre Service, nous pouvons utiliser des technologies de collecte automatique de donn\u00e9es pour recueillir certaines informations concernant votre \u00e9quipement, vos actions de navigation et vos habitudes, y compris :<ol><li aria-level=\"3\">Informations collect\u00e9es par nos serveurs. Pour fournir notre Service et le rendre plus utile pour vous, nous (ou un prestataire de services tiers) collectons des informations vous concernant, y compris, mais sans s&#8217;y limiter, votre type de navigateur, votre syst\u00e8me d&#8217;exploitation, votre adresse de protocole Internet (\u00ab IP \u00bb), votre ID d&#8217;appareil mobile, votre adresse blockchain, le type de portefeuille et les horodatages.<\/li><li aria-level=\"3\">Fichiers journaux. Comme pour la plupart des sites Web et des applications, nous recueillons certaines informations automatiquement et les stockons dans des fichiers journaux. Ces informations incluent les adresses IP, le type de navigateur, le fournisseur de services Internet (\u00ab FAI \u00bb), les pages de renvoi\/sortie, le syst\u00e8me d&#8217;exploitation, les horodatages et les donn\u00e9es de parcours de clics. Nous utilisons ces informations pour analyser les tendances, administrer le Service, suivre les mouvements des utilisateurs autour du Service et mieux adapter nos Services aux besoins de nos utilisateurs. Par exemple, certaines des informations peuvent \u00eatre collect\u00e9es de mani\u00e8re \u00e0 ce que lorsque vous visitez le Service, il vous reconnaisse et que ces informations puissent \u00eatre utilis\u00e9es pour personnaliser votre exp\u00e9rience.<\/li><li aria-level=\"3\">Cookies. Comme de nombreux services en ligne, nous utilisons des cookies pour collecter des informations. Nous pouvons utiliser \u00e0 la fois des Cookies de session (qui expirent une fois que vous fermez votre navigateur Web) et des Cookies persistants (qui restent sur votre ordinateur jusqu&#8217;\u00e0 ce que vous les supprimiez) pour analyser comment les utilisateurs interagissent avec notre Service, apporter des am\u00e9liorations \u00e0 la qualit\u00e9 de nos produits et offrir aux utilisateurs une exp\u00e9rience plus personnalis\u00e9e.<\/li><li aria-level=\"3\">Pixel Tag. De plus, nous utilisons des \u00ab Pixel Tags \u00bb (\u00e9galement appel\u00e9s clear Gifs, balises Web ou bugs Web). Les Pixel Tags nous permettent d&#8217;analyser comment les utilisateurs trouvent notre Service, de rendre le Service plus utile pour vous et d&#8217;adapter votre exp\u00e9rience avec nous \u00e0 vos int\u00e9r\u00eats et besoins particuliers.<\/li><li aria-level=\"3\">Comment nous r\u00e9pondons aux signaux Do Not Track. Nos syst\u00e8mes ne reconnaissent actuellement pas les signaux \u00ab ne pas suivre \u00bb ou d&#8217;autres m\u00e9canismes permettant aux utilisateurs de se d\u00e9sinscrire du suivi sur notre site.<\/li><li aria-level=\"3\">Services d&#8217;analyse. En plus des technologies de suivi que nous pla\u00e7ons comme les Cookies et les Pixel Tags, d&#8217;autres entreprises peuvent d\u00e9finir leurs propres cookies ou outils similaires lorsque vous visitez notre Service. Cela inclut les services d&#8217;analyse tiers (\u00ab Services d&#8217;analyse \u00bb) que nous engageons pour aider \u00e0 analyser comment les utilisateurs utilisent le Service. Les informations g\u00e9n\u00e9r\u00e9es par les Cookies ou autres technologies concernant votre utilisation de notre Service (les \u00ab Informations analytiques \u00bb) sont transmises aux Services d&#8217;analyse. Les Services d&#8217;analyse utilisent les Informations analytiques pour compiler des rapports sur l&#8217;activit\u00e9 des utilisateurs, que nous pouvons recevoir sur une base individuelle ou agr\u00e9g\u00e9e. Nous utilisons les informations que nous obtenons des Services d&#8217;analyse pour am\u00e9liorer notre Service. Les Services d&#8217;analyse peuvent \u00e9galement transf\u00e9rer des informations \u00e0 des tiers lorsque cela est requis par la loi, ou lorsque ces tiers traitent les Informations analytiques en leur nom. La capacit\u00e9 des Services d&#8217;analyse \u00e0 utiliser et \u00e0 partager les Informations analytiques est restreinte par les conditions d&#8217;utilisation et la politique de confidentialit\u00e9 de ces Services d&#8217;analyse. En utilisant notre Service, vous consentez au traitement de vos donn\u00e9es par les Services d&#8217;analyse de la mani\u00e8re et aux fins d\u00e9crites ci-dessus.<\/li><\/ol><\/li><li aria-level=\"2\">Informations collect\u00e9es aupr\u00e8s de tiers. Nous pouvons recevoir des Donn\u00e9es personnelles et\/ou anonymes vous concernant de la part d&#8217;entreprises qui proposent leurs produits et\/ou services en conjonction avec notre Service ou dont les produits et\/ou services peuvent \u00eatre li\u00e9s \u00e0 partir de notre Service. Par exemple, des fournisseurs de portefeuilles tiers nous fournissent votre adresse blockchain et certaines autres informations que vous choisissez de partager avec ces fournisseurs de portefeuilles. Nous pouvons ajouter cela aux donn\u00e9es que nous avons d\u00e9j\u00e0 collect\u00e9es \u00e0 votre sujet via notre Service.<\/li><li aria-level=\"2\">Informations publiques observ\u00e9es sur les blockchains. Nous collectons des donn\u00e9es provenant d&#8217;activit\u00e9s visibles et\/ou accessibles publiquement sur les blockchains. Cela peut inclure des adresses blockchain et des informations concernant les achats, ventes ou transferts de NFT, qui peuvent ensuite \u00eatre associ\u00e9es \u00e0 d&#8217;autres donn\u00e9es que vous nous avez fournies.<\/li><\/ol><h2><b>II- Utilisation de vos Donn\u00e9es personnelles<\/b><\/h2><ol><li aria-level=\"2\">Nous traitons vos Donn\u00e9es personnelles pour g\u00e9rer notre entreprise, fournir le Service, personnaliser votre exp\u00e9rience sur le Service et am\u00e9liorer le Service. Nous pouvons utiliser vos Donn\u00e9es personnelles pour :<ol><li aria-level=\"3\">faciliter la cr\u00e9ation de votre compte et s\u00e9curiser votre compte ;<\/li><li aria-level=\"3\">vous identifier en tant qu&#8217;utilisateur dans notre syst\u00e8me ;<\/li><li aria-level=\"3\">vous fournir notre Service, y compris, mais sans s&#8217;y limiter, vous aider \u00e0 visualiser, explorer et cr\u00e9er des NFT \u00e0 l&#8217;aide de nos outils et, \u00e0 votre discr\u00e9tion, vous connecter directement avec d&#8217;autres pour acheter, vendre ou transf\u00e9rer des NFT sur des blockchains publiques ;<\/li><li aria-level=\"3\">am\u00e9liorer l&#8217;administration de notre Service et la qualit\u00e9 de votre exp\u00e9rience lorsque vous interagissez avec notre Service, y compris, mais sans s&#8217;y limiter, en analysant comment vous et d&#8217;autres utilisateurs trouvez et interagissez avec le Service ;<\/li><li aria-level=\"3\">fournir un support client et r\u00e9pondre \u00e0 vos demandes et requ\u00eates ;<\/li><li aria-level=\"3\">enqu\u00eater et r\u00e9pondre \u00e0 des comportements pouvant enfreindre nos Conditions d&#8217;utilisation ;<\/li><li aria-level=\"3\">d\u00e9tecter, pr\u00e9venir et r\u00e9pondre \u00e0 la fraude, aux violations de nos termes ou politiques, et\/ou \u00e0 d&#8217;autres activit\u00e9s nuisibles ou ill\u00e9gales ;<\/li><li aria-level=\"3\">afficher votre nom d&#8217;utilisateur \u00e0 c\u00f4t\u00e9 des NFT actuellement ou pr\u00e9c\u00e9demment accessibles dans votre portefeuille tiers et \u00e0 c\u00f4t\u00e9 des NFT avec lesquels vous avez interagi ;<\/li><li aria-level=\"3\">vous envoyer un e-mail de bienvenue pour v\u00e9rifier la propri\u00e9t\u00e9 de l&#8217;adresse e-mail fournie lors de la cr\u00e9ation de votre compte ;<\/li><li aria-level=\"3\">vous envoyer des notifications administratives, telles que des conseils de s\u00e9curit\u00e9, de support et de maintenance ;<\/li><li aria-level=\"3\">vous envoyer des notifications li\u00e9es aux actions sur le Service, y compris des notifications d&#8217;offres sur vos NFT ;<\/li><li aria-level=\"3\">vous envoyer des newsletters, du mat\u00e9riel promotionnel et d&#8217;autres avis li\u00e9s \u00e0 nos Services ou aux biens et services de tiers ;<\/li><li aria-level=\"3\">r\u00e9pondre \u00e0 vos demandes concernant des opportunit\u00e9s d&#8217;emploi ou d&#8217;autres demandes ;<\/li><li aria-level=\"3\">respecter les lois applicables, coop\u00e9rer avec des enqu\u00eates des forces de l&#8217;ordre ou d&#8217;autres autorit\u00e9s concernant des violations pr\u00e9sum\u00e9es de la loi, et\/ou engager ou d\u00e9fendre des poursuites judiciaires et\/ou des r\u00e9clamations ; et<\/li><li aria-level=\"3\">agir de toute autre mani\u00e8re que nous pouvons d\u00e9crire lorsque vous fournissez des Donn\u00e9es personnelles.<\/li><\/ol><\/li><\/ol><h2><b>III- Divulgation de vos Donn\u00e9es personnelles<\/b><\/h2><ol><li aria-level=\"2\">Nous divulguons vos Donn\u00e9es personnelles comme d\u00e9crit ci-dessous et comme d\u00e9crit ailleurs dans cette Politique de confidentialit\u00e9.<\/li><li aria-level=\"2\">Prestataires de services tiers. Nous pouvons partager vos Donn\u00e9es personnelles avec des prestataires de services tiers pour : fournir des services d&#8217;infrastructure technique ; effectuer des tests d&#8217;assurance qualit\u00e9 ; analyser comment notre Service est utilis\u00e9 ; pr\u00e9venir, d\u00e9tecter et r\u00e9pondre \u00e0 des activit\u00e9s non autoris\u00e9es ; fournir un support technique et client ; et\/ou fournir d&#8217;autres services de support \u00e0 nous et au Service.<\/li><li aria-level=\"2\">Affili\u00e9s. Nous pouvons partager tout ou partie de vos Donn\u00e9es personnelles avec nos filiales, coentreprises ou autres entreprises sous notre contr\u00f4le commun (\u00ab Affili\u00e9s \u00bb), auquel cas nous exigerons de nos Affili\u00e9s qu&#8217;ils respectent cette Politique de confidentialit\u00e9.<\/li><li aria-level=\"2\">Restructuration d&#8217;entreprise. Nous pouvons partager tout ou partie de vos Donn\u00e9es personnelles dans le cadre de n\u00e9gociations li\u00e9es \u00e0 toute fusion, financement, acquisition ou dissolution, ou toute transaction ou proc\u00e9dure impliquant la vente, le transfert, la cession ou la divulgation de tout ou partie de nos activit\u00e9s ou actifs. En cas d&#8217;insolvabilit\u00e9, de faillite ou de mise sous s\u00e9questre, les Donn\u00e9es personnelles peuvent \u00e9galement \u00eatre transf\u00e9r\u00e9es en tant qu&#8217;actif commercial. Si une autre entreprise acquiert notre entreprise, nos activit\u00e9s ou nos actifs, cette entreprise d\u00e9tiendra les Donn\u00e9es personnelles collect\u00e9es par nous et assumera les droits et obligations relatifs \u00e0 vos Donn\u00e9es personnelles comme d\u00e9crit dans cette Politique de confidentialit\u00e9.<\/li><li aria-level=\"2\">Droits l\u00e9gaux. Ind\u00e9pendamment des choix que vous faites concernant vos Donn\u00e9es personnelles (comme d\u00e9crit ci-dessous), Earniverse peut divulguer des Donn\u00e9es personnelles si elle croit de bonne foi que cette divulgation est n\u00e9cessaire : (a) dans le cadre de toute enqu\u00eate l\u00e9gale ; (b) pour se conformer aux lois pertinentes ou r\u00e9pondre \u00e0 des assignations, mandats ou autres proc\u00e9dures l\u00e9gales signifi\u00e9es \u00e0 Earniverse ; (c) pour prot\u00e9ger ou d\u00e9fendre les droits ou la propri\u00e9t\u00e9 d&#8217;Earniverse ou des utilisateurs du Service ; et\/ou (d) pour enqu\u00eater ou aider \u00e0 pr\u00e9venir toute violation ou violation potentielle de la loi, de cette Politique de confidentialit\u00e9 ou de nos Conditions d&#8217;utilisation.<\/li><li aria-level=\"2\">Autres divulgations. Nous pouvons \u00e9galement divulguer vos Donn\u00e9es personnelles : pour accomplir l&#8217;objectif pour lequel vous les avez fournies ; pour toute autre finalit\u00e9 que nous divulguons au moment o\u00f9 vous les fournissez ; ou avec votre consentement.<\/li><\/ol><h2><b>III.2- Divulgation des risques<\/b><\/h2><ul><li aria-level=\"1\">En acc\u00e9dant ou en utilisant les Services de la Soci\u00e9t\u00e9, vous reconnaissez et assumez express\u00e9ment les risques suivants :<\/li><li aria-level=\"1\">Risque de perte d&#8217;actifs ou de d\u00e9pr\u00e9ciation des actifs.<\/li><li aria-level=\"1\">De nombreux facteurs peuvent affecter la valeur des actifs, ce qui peut entra\u00eener une perte partielle, totale ou permanente de tout actif. La Soci\u00e9t\u00e9 n&#8217;est pas tenue de garantir les actifs ou leur valeur g\u00e9r\u00e9e par la Soci\u00e9t\u00e9.<\/li><li aria-level=\"1\">Le r\u00e9gime r\u00e9glementaire r\u00e9gissant les actifs num\u00e9riques reste incertain et toute loi, r\u00e9glementation ou directive pourrait \u00eatre r\u00e9vis\u00e9e et modifi\u00e9e de mani\u00e8re significative, ce qui affecterait la valeur des actifs num\u00e9riques et vos services sur la plateforme de la Soci\u00e9t\u00e9, comme suit :<\/li><li aria-level=\"1\">(a) La r\u00e9glementation de l&#8217;utilisation, du transfert et de l&#8217;\u00e9change d&#8217;actifs num\u00e9riques dans diverses juridictions est actuellement sous-d\u00e9velopp\u00e9e et devrait \u00e9voluer rapidement. Un ou plusieurs pays prendront des mesures r\u00e9glementaires \u00e0 l&#8217;avenir qui restreindront s\u00e9v\u00e8rement, ce qui pourrait directement ou indirectement affecter ou restreindre les Services de la Soci\u00e9t\u00e9 fournis aux utilisateurs ;<\/li><li aria-level=\"1\">(b) Dans la mesure o\u00f9 la Soci\u00e9t\u00e9 pourrait \u00eatre tenue d&#8217;obtenir des licences, des permis et\/ou des approbations dans toute juridiction pour offrir les Services de la Soci\u00e9t\u00e9, mais qu&#8217;elle n&#8217;est pas en mesure d&#8217;obtenir ces approbations ou si elles ne sont pas renouvel\u00e9es ou r\u00e9voqu\u00e9es pour quelque raison que ce soit, les utilisateurs dans ces juridictions ne pourront pas acc\u00e9der ou utiliser les Services de la Soci\u00e9t\u00e9 ;<\/li><li aria-level=\"1\">(c) Il est difficile de pr\u00e9dire si ou comment les gouvernements ou autorit\u00e9s r\u00e9glementaires pourront mettre en \u0153uvre des modifications affectant l&#8217;utilisation, le transfert et l&#8217;\u00e9change d&#8217;actifs num\u00e9riques. Si la Soci\u00e9t\u00e9 est contrainte de suspendre, interrompre ou modifier l&#8217;exploitation des Services dans une juridiction requise par la loi, votre compte pourra \u00eatre gel\u00e9 pour une dur\u00e9e ind\u00e9termin\u00e9e jusqu&#8217;\u00e0 r\u00e9solution du probl\u00e8me. Vous \u00eates responsable de d\u00e9terminer si l&#8217;utilisation des Services de la Soci\u00e9t\u00e9 est l\u00e9gale dans votre juridiction et ne devez pas y acc\u00e9der s&#8217;ils sont ill\u00e9gaux. Si vous avez un doute, consultez un conseiller juridique.<\/li><li aria-level=\"1\">\u00c9chec technique et d\u00e9faillance des syst\u00e8mes.<\/li><li aria-level=\"1\">La Soci\u00e9t\u00e9 peut conna\u00eetre des d\u00e9faillances de syst\u00e8mes, des interruptions impr\u00e9vues, des d\u00e9faillances mat\u00e9rielles ou logicielles, des violations de s\u00e9curit\u00e9, rendant le service indisponible. La Soci\u00e9t\u00e9 n&#8217;est pas en mesure d&#8217;anticiper toutes ces attaques ou \u00e9v\u00e9nements. Bien que la Soci\u00e9t\u00e9 ait pris des mesures de s\u00e9curit\u00e9, des cyberattaques telles que des attaques DDoS peuvent toujours survenir. Une violation significative des mesures de s\u00e9curit\u00e9 de la Soci\u00e9t\u00e9 ou une interruption du r\u00e9seau pourrait compromettre la stabilit\u00e9 et la s\u00e9curit\u00e9 des services, affectant n\u00e9gativement les actifs num\u00e9riques.<\/li><li aria-level=\"1\">La Soci\u00e9t\u00e9 ne sera pas responsable de tout retard, erreur, interruption ou incapacit\u00e9 \u00e0 remplir toute obligation en raison de causes \u00e9chappant \u00e0 son contr\u00f4le.<\/li><\/ul><h2><b>IV- Sites Web tiers<\/b><\/h2><p>Notre Service peut contenir des liens vers des sites Web tiers. Lorsque vous cliquez sur un lien vers un autre site Web, vous quittez notre Service, et une autre entit\u00e9 peut collecter des Donn\u00e9es personnelles vous concernant. Nous n&#8217;avons aucun contr\u00f4le sur ces sites Web tiers ni leur contenu, et cette Politique de confidentialit\u00e9 ne s&#8217;applique pas \u00e0 ces sites Web ou leur contenu. Nous vous encourageons \u00e0 lire les politiques de confidentialit\u00e9 de chaque site Web que vous visitez.<\/p><h2><b>V- Portefeuilles tiers<\/b><\/h2><p>Pour utiliser notre Service, vous devez utiliser un portefeuille tiers qui vous permet d&#8217;effectuer des transactions sur des blockchains publiques. Vos interactions avec un fournisseur de portefeuille tiers sont r\u00e9gies par les conditions de service et la politique de confidentialit\u00e9 applicables de ce tiers.<\/p><ol><li aria-level=\"1\">Vos choix concernant les informations. Vous avez plusieurs choix concernant l&#8217;utilisation des informations sur nos Services :<ol><li aria-level=\"2\">Communications par e-mail. Nous pouvons vous envoyer p\u00e9riodiquement des newsletters et\/ou des e-mails promouvant notre Service ou des biens et services tiers. Vous pouvez vous d\u00e9sinscrire en suivant les instructions dans l&#8217;e-mail ou via les pr\u00e9f\u00e9rences dans votre page de param\u00e8tres.<\/li><li aria-level=\"2\">Si vous d\u00e9cidez de ne plus accepter les Cookies, vous pouvez configurer votre navigateur pour ne plus les accepter. Toutefois, vous ne pourrez peut-\u00eatre pas utiliser toutes les fonctionnalit\u00e9s du Service si vous d\u00e9sactivez les Cookies.<\/li><\/ol><\/li><\/ol><h2><b>VI- Acc\u00e8s aux donn\u00e9es et contr\u00f4le<\/b><\/h2><p>Vous pouvez acc\u00e9der, modifier ou supprimer vos Donn\u00e9es personnelles pour certains aspects du Service via votre page de param\u00e8tres. Si vous \u00eates un utilisateur dans l&#8217;Espace \u00e9conomique europ\u00e9en ou au Royaume-Uni, vous avez des droits en vertu du RGPD pour acc\u00e9der, corriger ou effacer vos Donn\u00e9es personnelles.<\/p><h2><b>VII- Conservation des donn\u00e9es<\/b><\/h2><p>Nous pouvons conserver vos Donn\u00e9es personnelles aussi longtemps que vous utilisez le Service ou que vous avez un compte avec nous. Nous pouvons continuer \u00e0 conserver vos Donn\u00e9es personnelles apr\u00e8s la d\u00e9sactivation de votre compte si cela est raisonnablement n\u00e9cessaire pour respecter nos obligations l\u00e9gales ou prot\u00e9ger nos int\u00e9r\u00eats l\u00e9gitimes.<\/p><h2><b>VIII- Protection des donn\u00e9es<\/b><\/h2><p>Nous prenons des mesures pour prot\u00e9ger vos informations mais ne pouvons garantir une s\u00e9curit\u00e9 totale. Vous \u00eates responsable de la s\u00e9curit\u00e9 de votre portefeuille num\u00e9rique.<\/p><h2><b>IX- Mineurs<\/b><\/h2><p>Nous ne collectons pas intentionnellement de Donn\u00e9es personnelles aupr\u00e8s d&#8217;enfants de moins de 13 ans. Si nous d\u00e9couvrons que nous avons collect\u00e9 des Donn\u00e9es personnelles d&#8217;un enfant de moins de 13 ans, nous supprimerons ces informations d\u00e8s que possible.<\/p><h2><b>X- Utilisateurs hors des \u00c9tats-Unis<\/b><\/h2><p>En utilisant notre Service en dehors des \u00c9tats-Unis, vous acceptez que vos Donn\u00e9es personnelles soient trait\u00e9es aux \u00c9tats-Unis ou dans d&#8217;autres pays, o\u00f9 les lois sur la protection des donn\u00e9es peuvent \u00eatre moins strictes que celles de votre pays.<\/p><h2><b>XI- Modifications de cette politique de confidentialit\u00e9<\/b><\/h2><p>Cette Politique de confidentialit\u00e9 peut \u00eatre mise \u00e0 jour. Nous vous informerons de toute modification en publiant la nouvelle version sur <a href=\"https:\/\/earniverse.io\/privacy-policy\">https:\/\/earniverse.io\/privacy-policy<\/a>.<\/p><h2><b>XII- Questions<\/b><\/h2><p>Si vous avez des questions, contactez-nous via notre <a href=\"https:\/\/earniverse.io\/contact\">formulaire de contact<\/a>.<\/p><p>Derni\u00e8re mise \u00e0 jour : 13 mars 2024.<\/p>\t\t\t\t\t\t<\/div>\n\t\t\t\t<\/div>\n\t\t\t\t\t<\/div>\n\t\t\t\t<\/div>\n\t\t\t\t<\/div>\n\t\t","protected":false},"excerpt":{"rendered":"<p>Politique de Confidentialit\u00e9 Earniverse (\u00ab EIV \u00bb, \u00ab nous \u00bb, \u00ab notre \u00bb ou \u00ab nos \u00bb) s&#8217;engage \u00e0 prot\u00e9ger votre vie priv\u00e9e. Nous avons pr\u00e9par\u00e9 cette politique de confidentialit\u00e9 pour vous d\u00e9crire nos pratiques concernant les Donn\u00e9es personnelles (telles que d\u00e9finies ci-dessous) que nous collectons, utilisons et partageons en lien avec les sites Web [&hellip;]<\/p>\n","protected":false},"author":1,"featured_media":0,"parent":0,"menu_order":0,"comment_status":"closed","ping_status":"open","template":"elementor_header_footer","meta":{"pgc_sgb_lightbox_settings":"","footnotes":""},"class_list":["post-6153","page","type-page","status-publish","hentry"],"aioseo_notices":[],"_links":{"self":[{"href":"https:\/\/earniverse.io\/fr\/wp-json\/wp\/v2\/pages\/6153"}],"collection":[{"href":"https:\/\/earniverse.io\/fr\/wp-json\/wp\/v2\/pages"}],"about":[{"href":"https:\/\/earniverse.io\/fr\/wp-json\/wp\/v2\/types\/page"}],"author":[{"embeddable":true,"href":"https:\/\/earniverse.io\/fr\/wp-json\/wp\/v2\/users\/1"}],"replies":[{"embeddable":true,"href":"https:\/\/earniverse.io\/fr\/wp-json\/wp\/v2\/comments?post=6153"}],"version-history":[{"count":8,"href":"https:\/\/earniverse.io\/fr\/wp-json\/wp\/v2\/pages\/6153\/revisions"}],"predecessor-version":[{"id":6901,"href":"https:\/\/earniverse.io\/fr\/wp-json\/wp\/v2\/pages\/6153\/revisions\/6901"}],"wp:attachment":[{"href":"https:\/\/earniverse.io\/fr\/wp-json\/wp\/v2\/media?parent=6153"}],"curies":[{"name":"wp","href":"https:\/\/api.w.org\/{rel}","templated":true}]}}