{"id":5515,"date":"2018-08-23T08:56:45","date_gmt":"2018-08-23T06:56:45","guid":{"rendered":"https:\/\/earniverse.io\/contact\/"},"modified":"2025-06-12T18:32:40","modified_gmt":"2025-06-12T16:32:40","slug":"contato","status":"publish","type":"page","link":"https:\/\/earniverse.io\/pt-pt\/contato\/","title":{"rendered":"Contato"},"content":{"rendered":"\t\t<div data-elementor-type=\"wp-page\" data-elementor-id=\"5515\" class=\"elementor elementor-5515 elementor-608\">\n\t\t\t\t\t\t<section class=\"elementor-section elementor-top-section elementor-element elementor-element-76b99ee elementor-section-boxed elementor-section-height-default elementor-section-height-default elementor-invisible\" data-id=\"76b99ee\" data-element_type=\"section\" data-settings=\"{&quot;animation&quot;:&quot;fadeInRight&quot;}\">\n\t\t\t\t\t\t<div class=\"elementor-container elementor-column-gap-default\">\n\t\t\t\t\t<div class=\"elementor-column elementor-col-100 elementor-top-column elementor-element elementor-element-42925c1\" data-id=\"42925c1\" data-element_type=\"column\">\n\t\t\t<div class=\"elementor-widget-wrap elementor-element-populated\">\n\t\t\t\t\t\t<div class=\"elementor-element elementor-element-7582928 ftage-text-left elementor-widget elementor-widget-section-titel-addons\" data-id=\"7582928\" data-element_type=\"widget\" data-widget_type=\"section-titel-addons.default\">\n\t\t\t\t<div class=\"elementor-widget-container\">\n\t\t\t            <div class=\"section-titel dotborder\">\r\n                \r\n                <h3 class=\"section-titel-txt\">Encontre-nos<\/h3><p>Nossa equipe est\u00e1 dispon\u00edvel em todo o mundo para responder \u00e0s suas perguntas a qualquer momento...<\/p>            <\/div>\r\n\r\n        \t\t<\/div>\n\t\t\t\t<\/div>\n\t\t\t\t\t<\/div>\n\t\t<\/div>\n\t\t\t\t\t<\/div>\n\t\t<\/section>\n\t\t\t\t<section class=\"elementor-section elementor-top-section elementor-element elementor-element-e9613f9 elementor-section-full_width elementor-section-height-default elementor-section-height-default elementor-invisible\" data-id=\"e9613f9\" data-element_type=\"section\" data-settings=\"{&quot;animation&quot;:&quot;fadeInRight&quot;}\">\n\t\t\t\t\t\t<div class=\"elementor-container elementor-column-gap-no\">\n\t\t\t\t\t<div class=\"elementor-column elementor-col-100 elementor-top-column elementor-element elementor-element-2bb4a12\" data-id=\"2bb4a12\" data-element_type=\"column\">\n\t\t\t<div class=\"elementor-widget-wrap elementor-element-populated\">\n\t\t\t\t\t\t<div class=\"elementor-element elementor-element-4f9be11 elementor-widget elementor-widget-google_maps\" data-id=\"4f9be11\" data-element_type=\"widget\" data-widget_type=\"google_maps.default\">\n\t\t\t\t<div class=\"elementor-widget-container\">\n\t\t\t\t\t<div class=\"elementor-custom-embed\">\n\t\t\t<iframe loading=\"lazy\"\n\t\t\t\t\tsrc=\"https:\/\/maps.google.com\/maps?q=254%20Chapman%20Road&#038;t=m&#038;z=7&#038;output=embed&#038;iwloc=near\"\n\t\t\t\t\ttitle=\"254 Chapman Road\"\n\t\t\t\t\taria-label=\"254 Chapman Road\"\n\t\t\t><\/iframe>\n\t\t<\/div>\n\t\t\t\t<\/div>\n\t\t\t\t<\/div>\n\t\t\t\t\t<\/div>\n\t\t<\/div>\n\t\t\t\t\t<\/div>\n\t\t<\/section>\n\t\t\t\t<section class=\"elementor-section elementor-top-section elementor-element elementor-element-18c1ea9 elementor-section-boxed elementor-section-height-default elementor-section-height-default elementor-invisible\" data-id=\"18c1ea9\" data-element_type=\"section\" data-settings=\"{&quot;animation&quot;:&quot;zoomIn&quot;}\">\n\t\t\t\t\t\t<div class=\"elementor-container elementor-column-gap-default\">\n\t\t\t\t\t<div class=\"elementor-column elementor-col-100 elementor-top-column elementor-element elementor-element-3600ea6\" data-id=\"3600ea6\" data-element_type=\"column\">\n\t\t\t<div class=\"elementor-widget-wrap elementor-element-populated\">\n\t\t\t\t\t\t<div class=\"elementor-element elementor-element-efb44d8 elementor-widget elementor-widget-ftagementor-contact-us\" data-id=\"efb44d8\" data-element_type=\"widget\" data-widget_type=\"ftagementor-contact-us.default\">\n\t\t\t\t<div class=\"elementor-widget-container\">\n\t\t\t\r\n        <div class=\"contact-area\">\r\n            <div class=\"row\">\r\n                <div class=\"col-lg-8\">\r\n                     <div class=\"leave-comment comments\" style=\"background: #000 url() no-repeat scroll center center \/ cover;\">\r\n                        <!-- Sub Section title start -->\r\n                        <div class=\"comments-title contact-form-title\">\r\n                                                            <h4>entre em contato<\/h4>\r\n                                                    <\/div>\r\n                        <!-- Sub Section title end -->\r\n                        \r\n                        <div class=\"comment-form\">\r\n                                                            \n<div class=\"wpcf7 no-js\" id=\"wpcf7-f5514-o1\" lang=\"en-US\" dir=\"ltr\">\n<div class=\"screen-reader-response\"><p role=\"status\" aria-live=\"polite\" aria-atomic=\"true\"><\/p> <ul><\/ul><\/div>\n<form action=\"\/pt-pt\/wp-json\/wp\/v2\/pages\/5515#wpcf7-f5514-o1\" method=\"post\" class=\"wpcf7-form init\" aria-label=\"Contact form\" novalidate=\"novalidate\" data-status=\"init\">\n<div style=\"display: none;\">\n<input type=\"hidden\" name=\"_wpcf7\" value=\"5514\" \/>\n<input type=\"hidden\" name=\"_wpcf7_version\" value=\"5.9.8\" \/>\n<input type=\"hidden\" name=\"_wpcf7_locale\" value=\"en_US\" \/>\n<input type=\"hidden\" name=\"_wpcf7_unit_tag\" value=\"wpcf7-f5514-o1\" \/>\n<input type=\"hidden\" name=\"_wpcf7_container_post\" value=\"0\" \/>\n<input type=\"hidden\" name=\"_wpcf7_posted_data_hash\" value=\"\" \/>\n<input type=\"hidden\" name=\"_wpcf7_recaptcha_response\" value=\"\" \/>\n<\/div>\n<p><label> Seu nome*<br \/>\n<span class=\"wpcf7-form-control-wrap\" data-name=\"your-name\"><input size=\"40\" maxlength=\"400\" class=\"wpcf7-form-control wpcf7-text wpcf7-validates-as-required\" autocomplete=\"name\" aria-required=\"true\" aria-invalid=\"false\" value=\"\" type=\"text\" name=\"your-name\" \/><\/span> <\/label>\n<\/p>\n<p><label> Seu email*<br \/>\n<span class=\"wpcf7-form-control-wrap\" data-name=\"your-email\"><input size=\"40\" maxlength=\"400\" class=\"wpcf7-form-control wpcf7-email wpcf7-validates-as-required wpcf7-text wpcf7-validates-as-email\" autocomplete=\"email\" aria-required=\"true\" aria-invalid=\"false\" value=\"\" type=\"email\" name=\"your-email\" \/><\/span> <\/label>\n<\/p>\n<p><label> Assunto*<br \/>\n<span class=\"wpcf7-form-control-wrap\" data-name=\"your-subject\"><input size=\"40\" maxlength=\"400\" class=\"wpcf7-form-control wpcf7-text wpcf7-validates-as-required\" aria-required=\"true\" aria-invalid=\"false\" value=\"\" type=\"text\" name=\"your-subject\" \/><\/span> <\/label>\n<\/p>\n<p><label> Sua mensagem*<br \/>\n<span class=\"wpcf7-form-control-wrap\" data-name=\"your-message\"><textarea cols=\"40\" rows=\"10\" maxlength=\"2000\" class=\"wpcf7-form-control wpcf7-textarea wpcf7-validates-as-required\" aria-required=\"true\" aria-invalid=\"false\" name=\"your-message\"><\/textarea><\/span> <\/label>\n<\/p>\n<p><input class=\"wpcf7-form-control wpcf7-submit has-spinner\" type=\"submit\" value=\"Enviar\" \/>\n<\/p><input type='hidden' class='wpcf7-pum' value='{\"closepopup\":false,\"closedelay\":0,\"openpopup\":false,\"openpopup_id\":0}' \/><div class=\"wpcf7-response-output\" aria-hidden=\"true\"><\/div>\n<\/form>\n<\/div>\n                                                    <\/div>                  \r\n                    <\/div>\r\n                    <div class=\"company-location\">\r\n                        <div class=\"contact-address text-left\">\r\n                                                                                <!-- single one -->\r\n                            <div class=\"single-address\"> \r\n                                <div class=\"single-address-icon\"> \r\n                                                                    <\/div> \r\n                                <div class=\"single-address-info\">  \r\n                                         \r\n                                <\/div>    \r\n                            <\/div>\r\n                            <!-- single end -->\r\n                                                    <\/div>\r\n                        <div class=\"follow-us-icon\">\r\n                            \r\n                                <h3>CONTATO CONOSCO PARA RESERVAR UMA DEMO<\/h3>\r\n\r\n                                                                                            <ul>\r\n                                     \r\n                                            <li>\r\n                                               <a href=\"https:\/\/discord.gg\/VUYF53Py\" target=\"_blank\"> <\/a>                                            <\/li>\r\n\r\n                                                                             \r\n                                                                    <\/ul>\r\n                                                    <\/div> \r\n                    <\/div>\r\n                <\/div>\r\n            <\/div>\r\n        <\/div>\r\n        \t\t<\/div>\n\t\t\t\t<\/div>\n\t\t\t\t\t<\/div>\n\t\t<\/div>\n\t\t\t\t\t<\/div>\n\t\t<\/section>\n\t\t\t\t<\/div>\n\t\t","protected":false},"excerpt":{"rendered":"<p>Encontre-nos Nossa equipe est\u00e1 dispon\u00edvel em todo o mundo para responder \u00e0s suas perguntas a qualquer momento&#8230; entre em contato Seu nome* Seu email* Assunto* Sua mensagem* CONTATO CONOSCO PARA RESERVAR UMA DEMO<\/p>\n","protected":false},"author":1,"featured_media":0,"parent":0,"menu_order":0,"comment_status":"closed","ping_status":"closed","template":"elementor_header_footer","meta":{"pgc_sgb_lightbox_settings":"","footnotes":""},"class_list":["post-5515","page","type-page","status-publish","hentry"],"aioseo_notices":[],"_links":{"self":[{"href":"https:\/\/earniverse.io\/pt-pt\/wp-json\/wp\/v2\/pages\/5515"}],"collection":[{"href":"https:\/\/earniverse.io\/pt-pt\/wp-json\/wp\/v2\/pages"}],"about":[{"href":"https:\/\/earniverse.io\/pt-pt\/wp-json\/wp\/v2\/types\/page"}],"author":[{"embeddable":true,"href":"https:\/\/earniverse.io\/pt-pt\/wp-json\/wp\/v2\/users\/1"}],"replies":[{"embeddable":true,"href":"https:\/\/earniverse.io\/pt-pt\/wp-json\/wp\/v2\/comments?post=5515"}],"version-history":[{"count":7,"href":"https:\/\/earniverse.io\/pt-pt\/wp-json\/wp\/v2\/pages\/5515\/revisions"}],"predecessor-version":[{"id":8760,"href":"https:\/\/earniverse.io\/pt-pt\/wp-json\/wp\/v2\/pages\/5515\/revisions\/8760"}],"wp:attachment":[{"href":"https:\/\/earniverse.io\/pt-pt\/wp-json\/wp\/v2\/media?parent=5515"}],"curies":[{"name":"wp","href":"https:\/\/api.w.org\/{rel}","templated":true}]}}