{"id":5543,"date":"2018-08-30T11:04:52","date_gmt":"2018-08-30T09:04:52","guid":{"rendered":"https:\/\/earniverse.io\/services\/"},"modified":"2024-09-30T22:19:47","modified_gmt":"2024-09-30T20:19:47","slug":"servicos","status":"publish","type":"page","link":"https:\/\/earniverse.io\/pt-pt\/servicos\/","title":{"rendered":"Servi\u00e7os"},"content":{"rendered":"\t\t<div data-elementor-type=\"wp-page\" data-elementor-id=\"5543\" class=\"elementor elementor-5543 elementor-858\">\n\t\t\t\t\t\t<section class=\"elementor-section elementor-top-section elementor-element elementor-element-f91c2d1 elementor-section-boxed elementor-section-height-default elementor-section-height-default elementor-invisible\" data-id=\"f91c2d1\" data-element_type=\"section\" data-settings=\"{&quot;background_background&quot;:&quot;classic&quot;,&quot;animation&quot;:&quot;fadeInRight&quot;}\">\n\t\t\t\t\t\t<div class=\"elementor-container elementor-column-gap-default\">\n\t\t\t\t\t<div class=\"elementor-column elementor-col-100 elementor-top-column elementor-element elementor-element-b6dbda8\" data-id=\"b6dbda8\" data-element_type=\"column\">\n\t\t\t<div class=\"elementor-widget-wrap elementor-element-populated\">\n\t\t\t\t\t\t<div class=\"elementor-element elementor-element-71e1e07 elementor-widget elementor-widget-services-post\" data-id=\"71e1e07\" data-element_type=\"widget\" data-widget_type=\"services-post.default\">\n\t\t\t\t<div class=\"elementor-widget-container\">\n\t\t\t            <div class=\"services-area\">\r\n                <div class=\"row\">\r\n                                        <!-- Single Item --> \r\n                    <div class=\"col-lg-4 col-sm-6\">                    <div class=\"service-single\">\r\n                        \r\n                                                <div class=\"servce-icon\">\r\n                                                            <i class=\"icofont icofont-calendar\"><\/i>\r\n                                                 <\/div>\r\n                     \r\n                        <div class=\"service-details\">\r\n                            <h4>\r\n                                                           Eventos Virtuais                        \r\n                            <\/h4>\r\n                            <p>Configura\u00e7\u00e3o e gest\u00e3o de confer\u00eancias interativas, lan\u00e7amentos de produtos ou feiras comerciais dentro do metaverso.<\/p>                        <\/div>\r\n                    <\/div>\r\n                    <!-- Single Item -->\r\n\r\n                    <\/div>                                     <!-- Single Item --> \r\n                    <div class=\"col-lg-4 col-sm-6\">                    <div class=\"service-single\">\r\n                        \r\n                                                <div class=\"servce-icon\">\r\n                                                            <i class=\"icofont icofont-shopping-cart\"><\/i>\r\n                                                 <\/div>\r\n                     \r\n                        <div class=\"service-details\">\r\n                            <h4>\r\n                                                           Lojas Virtuais                        \r\n                            <\/h4>\r\n                            <p>Design e desenvolvimento de espa\u00e7os de varejo 3D\/VR totalmente imersivos para e-commerce e engajamento de marca.<\/p>                        <\/div>\r\n                    <\/div>\r\n                    <!-- Single Item -->\r\n\r\n                    <\/div>                                     <!-- Single Item --> \r\n                    <div class=\"col-lg-4 col-sm-6\">                    <div class=\"service-single\">\r\n                        \r\n                                                <div class=\"servce-icon\">\r\n                                                            <i class=\"icofont icofont-diving-goggle\"><\/i>\r\n                                                 <\/div>\r\n                     \r\n                        <div class=\"service-details\">\r\n                            <h4>\r\n                                                           Branding Digital                        \r\n                            <\/h4>\r\n                            <p>Experi\u00eancias imersivas personalizadas projetadas para melhorar a visibilidade da marca e a intera\u00e7\u00e3o com o cliente no mundo virtual.<\/p>                        <\/div>\r\n                    <\/div>\r\n                    <!-- Single Item -->\r\n\r\n                    <\/div>                                     <!-- Single Item --> \r\n                    <div class=\"col-lg-4 col-sm-6\">                    <div class=\"service-single\">\r\n                        \r\n                                                <div class=\"servce-icon\">\r\n                                                            <i class=\"icofont icofont-monkey-3\"><\/i>\r\n                                                 <\/div>\r\n                     \r\n                        <div class=\"service-details\">\r\n                            <h4>\r\n                                                           Cria\u00e7\u00e3o de Ativos 3D                        \r\n                            <\/h4>\r\n                            <p>Desenvolvimento de ativos digitais \u00fanicos e de alta qualidade, como produtos virtuais, avatares e NFTs.<\/p>                        <\/div>\r\n                    <\/div>\r\n                    <!-- Single Item -->\r\n\r\n                    <\/div>                                     <!-- Single Item --> \r\n                    <div class=\"col-lg-4 col-sm-6\">                    <div class=\"service-single\">\r\n                        \r\n                                                <div class=\"servce-icon\">\r\n                                                            <i class=\"icofont icofont-education\"><\/i>\r\n                                                 <\/div>\r\n                     \r\n                        <div class=\"service-details\">\r\n                            <h4>\r\n                                                           Treinamento e Educa\u00e7\u00e3o                        \r\n                            <\/h4>\r\n                            <p>Cria\u00e7\u00e3o de ambientes de aprendizagem virtuais para treinamento de funcion\u00e1rios, educa\u00e7\u00e3o de clientes ou desenvolvimento de habilidades.<\/p>                        <\/div>\r\n                    <\/div>\r\n                    <!-- Single Item -->\r\n\r\n                    <\/div>                                     <!-- Single Item --> \r\n                    <div class=\"col-lg-4 col-sm-6\">                    <div class=\"service-single\">\r\n                        \r\n                                                <div class=\"servce-icon\">\r\n                                                            <i class=\"icofont icofont-ui-office\"><\/i>\r\n                                                 <\/div>\r\n                     \r\n                        <div class=\"service-details\">\r\n                            <h4>\r\n                                                           Escrit\u00f3rios Virtuais                        \r\n                            <\/h4>\r\n                            <p>Construir escrit\u00f3rios virtuais interativos e personalizados para melhorar a colabora\u00e7\u00e3o global e reuni\u00f5es com clientes no metaverso.<\/p>                        <\/div>\r\n                    <\/div>\r\n                    <!-- Single Item -->\r\n\r\n                    <\/div>                                     <!-- Single Item --> \r\n                    <div class=\"col-lg-4 col-sm-6\">                    <div class=\"service-single\">\r\n                        \r\n                                                <div class=\"servce-icon\">\r\n                                                            <i class=\"icofont icofont-cube\"><\/i>\r\n                                                 <\/div>\r\n                     \r\n                        <div class=\"service-details\">\r\n                            <h4>\r\n                                                           Publicidad Interactiva 2D\/3D                        \r\n                            <\/h4>\r\n                            <p>Servi\u00e7os de publicidade in-world com an\u00fancios 3D interativos e pain\u00e9is para segmentar p\u00fablicos espec\u00edficos do metaverso.<\/p>                        <\/div>\r\n                    <\/div>\r\n                    <!-- Single Item -->\r\n\r\n                    <\/div>                                     <!-- Single Item --> \r\n                    <div class=\"col-lg-4 col-sm-6\">                    <div class=\"service-single\">\r\n                        \r\n                                                <div class=\"servce-icon\">\r\n                                                            <i class=\"icofont icofont-database\"><\/i>\r\n                                                 <\/div>\r\n                     \r\n                        <div class=\"service-details\">\r\n                            <h4>\r\n                                                           Integra\u00e7\u00e3o de Blockchain &#038; NFT                        \r\n                            <\/h4>\r\n                            <p>Integra\u00e7\u00e3o da tecnologia blockchain para o com\u00e9rcio de ativos digitais atrav\u00e9s de um mercado pr\u00f3prio, multiplataforma e multichain.<\/p>                        <\/div>\r\n                    <\/div>\r\n                    <!-- Single Item -->\r\n\r\n                    <\/div>                                     <!-- Single Item --> \r\n                    <div class=\"col-lg-4 col-sm-6\">                    <div class=\"service-single\">\r\n                        \r\n                                                <div class=\"servce-icon\">\r\n                                                            <i class=\"icofont icofont-eye-open\"><\/i>\r\n                                                 <\/div>\r\n                     \r\n                        <div class=\"service-details\">\r\n                            <h4>\r\n                                                           An\u00e1lise de Dados e Insights                        \r\n                            <\/h4>\r\n                            <p>Forne\u00e7a ferramentas de an\u00e1lise para rastrear o engajamento dos usu\u00e1rios, comportamentos e m\u00e9tricas de vendas em ambientes virtuais.<\/p>                        <\/div>\r\n                    <\/div>\r\n                    <!-- Single Item -->\r\n\r\n                    <\/div>                                 <\/div>\r\n            <\/div>\r\n            \t\t<\/div>\n\t\t\t\t<\/div>\n\t\t\t\t\t<\/div>\n\t\t<\/div>\n\t\t\t\t\t<\/div>\n\t\t<\/section>\n\t\t\t\t<\/div>\n\t\t","protected":false},"excerpt":{"rendered":"<p>Eventos Virtuais Configura\u00e7\u00e3o e gest\u00e3o de confer\u00eancias interativas, lan\u00e7amentos de produtos ou feiras comerciais dentro do metaverso. Lojas Virtuais Design e desenvolvimento de espa\u00e7os de varejo 3D\/VR totalmente imersivos para e-commerce e engajamento de marca. Branding Digital Experi\u00eancias imersivas personalizadas projetadas para melhorar a visibilidade da marca e a intera\u00e7\u00e3o com o cliente no mundo [&hellip;]<\/p>\n","protected":false},"author":1,"featured_media":0,"parent":0,"menu_order":0,"comment_status":"closed","ping_status":"closed","template":"page-full-width.php","meta":{"pgc_sgb_lightbox_settings":"","footnotes":""},"class_list":["post-5543","page","type-page","status-publish","hentry"],"aioseo_notices":[],"_links":{"self":[{"href":"https:\/\/earniverse.io\/pt-pt\/wp-json\/wp\/v2\/pages\/5543"}],"collection":[{"href":"https:\/\/earniverse.io\/pt-pt\/wp-json\/wp\/v2\/pages"}],"about":[{"href":"https:\/\/earniverse.io\/pt-pt\/wp-json\/wp\/v2\/types\/page"}],"author":[{"embeddable":true,"href":"https:\/\/earniverse.io\/pt-pt\/wp-json\/wp\/v2\/users\/1"}],"replies":[{"embeddable":true,"href":"https:\/\/earniverse.io\/pt-pt\/wp-json\/wp\/v2\/comments?post=5543"}],"version-history":[{"count":5,"href":"https:\/\/earniverse.io\/pt-pt\/wp-json\/wp\/v2\/pages\/5543\/revisions"}],"predecessor-version":[{"id":5549,"href":"https:\/\/earniverse.io\/pt-pt\/wp-json\/wp\/v2\/pages\/5543\/revisions\/5549"}],"wp:attachment":[{"href":"https:\/\/earniverse.io\/pt-pt\/wp-json\/wp\/v2\/media?parent=5543"}],"curies":[{"name":"wp","href":"https:\/\/api.w.org\/{rel}","templated":true}]}}